{"id":2320,"date":"2021-09-28T14:49:12","date_gmt":"2021-09-28T14:49:12","guid":{"rendered":"https:\/\/versenyabroncs.hu\/product\/ventus-f200\/"},"modified":"2025-11-24T11:58:24","modified_gmt":"2025-11-24T11:58:24","slug":"ventus-f200","status":"publish","type":"product","link":"https:\/\/versenyabroncs.hu\/hu\/product\/ventus-f200\/","title":{"rendered":"Ventus F200"},"content":{"rendered":"<p>A Ventus F200 egy versenyz\u00e9sre tervezett gumiabroncs, amely optim\u00e1lisan \u00f6tv\u00f6zi a k\u00fcls\u0151 profilt \u00e9s a bels\u0151 szerkezetet, hogy kiv\u00e9teles stabilit\u00e1st \u00e9s a gumiabroncs tart\u00f3ss\u00e1g\u00e1t minden k\u00f6r\u00fclm\u00e9nyek k\u00f6z\u00f6tt biztos\u00edtsa. A tov\u00e1bbfejlesztett gumikever\u00e9k maximaliz\u00e1lja a tapad\u00e1st k\u00fcl\u00f6nb\u00f6z\u0151 p\u00e1lyafel\u00fcleteken \u00e9s k\u00fcl\u00f6nb\u00f6z\u0151 h\u0151m\u00e9rs\u00e9kleteken.<\/p>\n","protected":false},"excerpt":{"rendered":"<h4>Cs\u00facsteljes\u00edtm\u00e9ny\u0171 slick abroncs, amely egyenletes teljes\u00edtm\u00e9nyt ny\u00fajt sz\u00e1raz aszfalton<\/h4>\n","protected":false},"featured_media":814,"template":"","meta":[],"product_cat":[1410],"product_tag":[],"class_list":["post-2320","product","type-product","status-publish","has-post-thumbnail","hentry","product_cat-sima-abroncsok","product_shipping_class-palya-abroncsok"],"yoast_head":"<!-- This site is optimized with the Yoast SEO plugin v26.4 - https:\/\/yoast.com\/wordpress\/plugins\/seo\/ -->\n<title>Ventus F200 - Hankook<\/title>\n<meta name=\"robots\" content=\"index, follow, max-snippet:-1, max-image-preview:large, max-video-preview:-1\" \/>\n<link rel=\"canonical\" href=\"https:\/\/versenyabroncs.hu\/hu\/product\/ventus-f200\/\" \/>\n<meta property=\"og:locale\" content=\"hu_HU\" \/>\n<meta property=\"og:type\" content=\"article\" \/>\n<meta property=\"og:title\" content=\"Ventus F200 - Hankook\" \/>\n<meta property=\"og:description\" content=\"Cs\u00facsteljes\u00edtm\u00e9ny\u0171 slick abroncs, amely egyenletes teljes\u00edtm\u00e9nyt ny\u00fajt sz\u00e1raz aszfalton\" \/>\n<meta property=\"og:url\" content=\"https:\/\/versenyabroncs.hu\/hu\/product\/ventus-f200\/\" \/>\n<meta property=\"og:site_name\" content=\"Hankook\" \/>\n<meta property=\"article:modified_time\" content=\"2025-11-24T11:58:24+00:00\" \/>\n<meta property=\"og:image\" content=\"https:\/\/versenyabroncs.hu\/uploads\/\/2021\/09\/hankook-tires-ventus-f200-left-01.png\" \/>\n\t<meta property=\"og:image:width\" content=\"440\" \/>\n\t<meta property=\"og:image:height\" content=\"500\" \/>\n\t<meta property=\"og:image:type\" content=\"image\/png\" \/>\n<meta name=\"twitter:card\" content=\"summary_large_image\" \/>\n<meta name=\"twitter:label1\" content=\"Est. reading time\" \/>\n\t<meta name=\"twitter:data1\" content=\"1 perc\" \/>\n<script type=\"application\/ld+json\" class=\"yoast-schema-graph\">{\"@context\":\"https:\/\/schema.org\",\"@graph\":[{\"@type\":\"WebPage\",\"@id\":\"https:\/\/versenyabroncs.hu\/hu\/product\/ventus-f200\/\",\"url\":\"https:\/\/versenyabroncs.hu\/hu\/product\/ventus-f200\/\",\"name\":\"Ventus F200 - Hankook\",\"isPartOf\":{\"@id\":\"https:\/\/versenyabroncs.hu\/#website\"},\"primaryImageOfPage\":{\"@id\":\"https:\/\/versenyabroncs.hu\/hu\/product\/ventus-f200\/#primaryimage\"},\"image\":{\"@id\":\"https:\/\/versenyabroncs.hu\/hu\/product\/ventus-f200\/#primaryimage\"},\"thumbnailUrl\":\"https:\/\/versenyabroncs.hu\/uploads\/\/2021\/09\/hankook-tires-ventus-f200-left-01.png\",\"datePublished\":\"2021-09-28T14:49:12+00:00\",\"dateModified\":\"2025-11-24T11:58:24+00:00\",\"breadcrumb\":{\"@id\":\"https:\/\/versenyabroncs.hu\/hu\/product\/ventus-f200\/#breadcrumb\"},\"inLanguage\":\"hu\",\"potentialAction\":[{\"@type\":\"ReadAction\",\"target\":[\"https:\/\/versenyabroncs.hu\/hu\/product\/ventus-f200\/\"]}]},{\"@type\":\"ImageObject\",\"inLanguage\":\"hu\",\"@id\":\"https:\/\/versenyabroncs.hu\/hu\/product\/ventus-f200\/#primaryimage\",\"url\":\"https:\/\/versenyabroncs.hu\/uploads\/\/2021\/09\/hankook-tires-ventus-f200-left-01.png\",\"contentUrl\":\"https:\/\/versenyabroncs.hu\/uploads\/\/2021\/09\/hankook-tires-ventus-f200-left-01.png\",\"width\":440,\"height\":500},{\"@type\":\"BreadcrumbList\",\"@id\":\"https:\/\/versenyabroncs.hu\/hu\/product\/ventus-f200\/#breadcrumb\",\"itemListElement\":[{\"@type\":\"ListItem\",\"position\":1,\"name\":\"Home\",\"item\":\"https:\/\/versenyabroncs.hu\/hu\/\"},{\"@type\":\"ListItem\",\"position\":2,\"name\":\"Shop\",\"item\":\"https:\/\/versenyabroncs.hu\/shop\/\"},{\"@type\":\"ListItem\",\"position\":3,\"name\":\"Ventus F200\"}]},{\"@type\":\"WebSite\",\"@id\":\"https:\/\/versenyabroncs.hu\/#website\",\"url\":\"https:\/\/versenyabroncs.hu\/\",\"name\":\"Hankook\",\"description\":\"driving emotion\",\"potentialAction\":[{\"@type\":\"SearchAction\",\"target\":{\"@type\":\"EntryPoint\",\"urlTemplate\":\"https:\/\/versenyabroncs.hu\/?s={search_term_string}\"},\"query-input\":{\"@type\":\"PropertyValueSpecification\",\"valueRequired\":true,\"valueName\":\"search_term_string\"}}],\"inLanguage\":\"hu\"}]}<\/script>\n<!-- \/ Yoast SEO plugin. -->","yoast_head_json":{"title":"Ventus F200 - Hankook","robots":{"index":"index","follow":"follow","max-snippet":"max-snippet:-1","max-image-preview":"max-image-preview:large","max-video-preview":"max-video-preview:-1"},"canonical":"https:\/\/versenyabroncs.hu\/hu\/product\/ventus-f200\/","og_locale":"hu_HU","og_type":"article","og_title":"Ventus F200 - Hankook","og_description":"Cs\u00facsteljes\u00edtm\u00e9ny\u0171 slick abroncs, amely egyenletes teljes\u00edtm\u00e9nyt ny\u00fajt sz\u00e1raz aszfalton","og_url":"https:\/\/versenyabroncs.hu\/hu\/product\/ventus-f200\/","og_site_name":"Hankook","article_modified_time":"2025-11-24T11:58:24+00:00","og_image":[{"width":440,"height":500,"url":"https:\/\/versenyabroncs.hu\/uploads\/\/2021\/09\/hankook-tires-ventus-f200-left-01.png","type":"image\/png"}],"twitter_card":"summary_large_image","twitter_misc":{"Est. reading time":"1 perc"},"schema":{"@context":"https:\/\/schema.org","@graph":[{"@type":"WebPage","@id":"https:\/\/versenyabroncs.hu\/hu\/product\/ventus-f200\/","url":"https:\/\/versenyabroncs.hu\/hu\/product\/ventus-f200\/","name":"Ventus F200 - Hankook","isPartOf":{"@id":"https:\/\/versenyabroncs.hu\/#website"},"primaryImageOfPage":{"@id":"https:\/\/versenyabroncs.hu\/hu\/product\/ventus-f200\/#primaryimage"},"image":{"@id":"https:\/\/versenyabroncs.hu\/hu\/product\/ventus-f200\/#primaryimage"},"thumbnailUrl":"https:\/\/versenyabroncs.hu\/uploads\/\/2021\/09\/hankook-tires-ventus-f200-left-01.png","datePublished":"2021-09-28T14:49:12+00:00","dateModified":"2025-11-24T11:58:24+00:00","breadcrumb":{"@id":"https:\/\/versenyabroncs.hu\/hu\/product\/ventus-f200\/#breadcrumb"},"inLanguage":"hu","potentialAction":[{"@type":"ReadAction","target":["https:\/\/versenyabroncs.hu\/hu\/product\/ventus-f200\/"]}]},{"@type":"ImageObject","inLanguage":"hu","@id":"https:\/\/versenyabroncs.hu\/hu\/product\/ventus-f200\/#primaryimage","url":"https:\/\/versenyabroncs.hu\/uploads\/\/2021\/09\/hankook-tires-ventus-f200-left-01.png","contentUrl":"https:\/\/versenyabroncs.hu\/uploads\/\/2021\/09\/hankook-tires-ventus-f200-left-01.png","width":440,"height":500},{"@type":"BreadcrumbList","@id":"https:\/\/versenyabroncs.hu\/hu\/product\/ventus-f200\/#breadcrumb","itemListElement":[{"@type":"ListItem","position":1,"name":"Home","item":"https:\/\/versenyabroncs.hu\/hu\/"},{"@type":"ListItem","position":2,"name":"Shop","item":"https:\/\/versenyabroncs.hu\/shop\/"},{"@type":"ListItem","position":3,"name":"Ventus F200"}]},{"@type":"WebSite","@id":"https:\/\/versenyabroncs.hu\/#website","url":"https:\/\/versenyabroncs.hu\/","name":"Hankook","description":"driving emotion","potentialAction":[{"@type":"SearchAction","target":{"@type":"EntryPoint","urlTemplate":"https:\/\/versenyabroncs.hu\/?s={search_term_string}"},"query-input":{"@type":"PropertyValueSpecification","valueRequired":true,"valueName":"search_term_string"}}],"inLanguage":"hu"}]}},"_links":{"self":[{"href":"https:\/\/versenyabroncs.hu\/hu\/wp-json\/wp\/v2\/product\/2320","targetHints":{"allow":["GET"]}}],"collection":[{"href":"https:\/\/versenyabroncs.hu\/hu\/wp-json\/wp\/v2\/product"}],"about":[{"href":"https:\/\/versenyabroncs.hu\/hu\/wp-json\/wp\/v2\/types\/product"}],"wp:featuredmedia":[{"embeddable":true,"href":"https:\/\/versenyabroncs.hu\/hu\/wp-json\/wp\/v2\/media\/814"}],"wp:attachment":[{"href":"https:\/\/versenyabroncs.hu\/hu\/wp-json\/wp\/v2\/media?parent=2320"}],"wp:term":[{"taxonomy":"product_cat","embeddable":true,"href":"https:\/\/versenyabroncs.hu\/hu\/wp-json\/wp\/v2\/product_cat?post=2320"},{"taxonomy":"product_tag","embeddable":true,"href":"https:\/\/versenyabroncs.hu\/hu\/wp-json\/wp\/v2\/product_tag?post=2320"}],"curies":[{"name":"wp","href":"https:\/\/api.w.org\/{rel}","templated":true}]}}