{"id":2308,"date":"2021-10-01T13:35:13","date_gmt":"2021-10-01T13:35:13","guid":{"rendered":"https:\/\/versenyabroncs.hu\/product\/ventus-r202\/"},"modified":"2022-10-17T09:19:04","modified_gmt":"2022-10-17T09:19:04","slug":"ventus-r202","status":"publish","type":"product","link":"https:\/\/versenyabroncs.hu\/hu\/product\/ventus-r202\/","title":{"rendered":"Ventus R202"},"content":{"rendered":"<p>Ir\u00e1ny\u00edtott aszimmetrikus gumiabroncs, kiv\u00e1l\u00f3 tapad\u00e1st biztos\u00edt sz\u00e1raz kavicsos fel\u00fcleteken. (kem\u00e9ny \u00e9s durva)<\/p>\n","protected":false},"excerpt":{"rendered":"<p><strong>Kiv\u00e1l\u00f3 tapad\u00e1s sz\u00e1raz kavicsos fel\u00fcleteken. (kem\u00e9ny \u00e9s durva)<\/strong><\/p>\n","protected":false},"featured_media":527,"template":"","meta":[],"product_cat":[1443],"product_tag":[],"class_list":["post-2308","product","type-product","status-publish","has-post-thumbnail","hentry","product_cat-rally-aszfalt","product_shipping_class-rally-abroncsok"],"yoast_head":"<!-- This site is optimized with the Yoast SEO plugin v26.4 - https:\/\/yoast.com\/wordpress\/plugins\/seo\/ -->\n<title>Ventus R202 - Hankook<\/title>\n<meta name=\"robots\" content=\"index, follow, max-snippet:-1, max-image-preview:large, max-video-preview:-1\" \/>\n<link rel=\"canonical\" href=\"https:\/\/versenyabroncs.hu\/hu\/product\/ventus-r202\/\" \/>\n<meta property=\"og:locale\" content=\"hu_HU\" \/>\n<meta property=\"og:type\" content=\"article\" \/>\n<meta property=\"og:title\" content=\"Ventus R202 - Hankook\" \/>\n<meta property=\"og:description\" content=\"Kiv\u00e1l\u00f3 tapad\u00e1s sz\u00e1raz kavicsos fel\u00fcleteken. (kem\u00e9ny \u00e9s durva)\" \/>\n<meta property=\"og:url\" content=\"https:\/\/versenyabroncs.hu\/hu\/product\/ventus-r202\/\" \/>\n<meta property=\"og:site_name\" content=\"Hankook\" \/>\n<meta property=\"article:modified_time\" content=\"2022-10-17T09:19:04+00:00\" \/>\n<meta property=\"og:image\" content=\"https:\/\/versenyabroncs.hu\/uploads\/\/2021\/10\/hankook-tires-ventus-r202-left-01.png\" \/>\n\t<meta property=\"og:image:width\" content=\"440\" \/>\n\t<meta property=\"og:image:height\" content=\"500\" \/>\n\t<meta property=\"og:image:type\" content=\"image\/png\" \/>\n<meta name=\"twitter:card\" content=\"summary_large_image\" \/>\n<meta name=\"twitter:label1\" content=\"Est. reading time\" \/>\n\t<meta name=\"twitter:data1\" content=\"1 perc\" \/>\n<script type=\"application\/ld+json\" class=\"yoast-schema-graph\">{\"@context\":\"https:\/\/schema.org\",\"@graph\":[{\"@type\":\"WebPage\",\"@id\":\"https:\/\/versenyabroncs.hu\/hu\/product\/ventus-r202\/\",\"url\":\"https:\/\/versenyabroncs.hu\/hu\/product\/ventus-r202\/\",\"name\":\"Ventus R202 - Hankook\",\"isPartOf\":{\"@id\":\"https:\/\/versenyabroncs.hu\/#website\"},\"primaryImageOfPage\":{\"@id\":\"https:\/\/versenyabroncs.hu\/hu\/product\/ventus-r202\/#primaryimage\"},\"image\":{\"@id\":\"https:\/\/versenyabroncs.hu\/hu\/product\/ventus-r202\/#primaryimage\"},\"thumbnailUrl\":\"https:\/\/versenyabroncs.hu\/uploads\/\/2021\/10\/hankook-tires-ventus-r202-left-01.png\",\"datePublished\":\"2021-10-01T13:35:13+00:00\",\"dateModified\":\"2022-10-17T09:19:04+00:00\",\"breadcrumb\":{\"@id\":\"https:\/\/versenyabroncs.hu\/hu\/product\/ventus-r202\/#breadcrumb\"},\"inLanguage\":\"hu\",\"potentialAction\":[{\"@type\":\"ReadAction\",\"target\":[\"https:\/\/versenyabroncs.hu\/hu\/product\/ventus-r202\/\"]}]},{\"@type\":\"ImageObject\",\"inLanguage\":\"hu\",\"@id\":\"https:\/\/versenyabroncs.hu\/hu\/product\/ventus-r202\/#primaryimage\",\"url\":\"https:\/\/versenyabroncs.hu\/uploads\/\/2021\/10\/hankook-tires-ventus-r202-left-01.png\",\"contentUrl\":\"https:\/\/versenyabroncs.hu\/uploads\/\/2021\/10\/hankook-tires-ventus-r202-left-01.png\",\"width\":440,\"height\":500},{\"@type\":\"BreadcrumbList\",\"@id\":\"https:\/\/versenyabroncs.hu\/hu\/product\/ventus-r202\/#breadcrumb\",\"itemListElement\":[{\"@type\":\"ListItem\",\"position\":1,\"name\":\"Home\",\"item\":\"https:\/\/versenyabroncs.hu\/hu\/\"},{\"@type\":\"ListItem\",\"position\":2,\"name\":\"Shop\",\"item\":\"https:\/\/versenyabroncs.hu\/shop\/\"},{\"@type\":\"ListItem\",\"position\":3,\"name\":\"Ventus R202\"}]},{\"@type\":\"WebSite\",\"@id\":\"https:\/\/versenyabroncs.hu\/#website\",\"url\":\"https:\/\/versenyabroncs.hu\/\",\"name\":\"Hankook\",\"description\":\"driving emotion\",\"potentialAction\":[{\"@type\":\"SearchAction\",\"target\":{\"@type\":\"EntryPoint\",\"urlTemplate\":\"https:\/\/versenyabroncs.hu\/?s={search_term_string}\"},\"query-input\":{\"@type\":\"PropertyValueSpecification\",\"valueRequired\":true,\"valueName\":\"search_term_string\"}}],\"inLanguage\":\"hu\"}]}<\/script>\n<!-- \/ Yoast SEO plugin. -->","yoast_head_json":{"title":"Ventus R202 - Hankook","robots":{"index":"index","follow":"follow","max-snippet":"max-snippet:-1","max-image-preview":"max-image-preview:large","max-video-preview":"max-video-preview:-1"},"canonical":"https:\/\/versenyabroncs.hu\/hu\/product\/ventus-r202\/","og_locale":"hu_HU","og_type":"article","og_title":"Ventus R202 - Hankook","og_description":"Kiv\u00e1l\u00f3 tapad\u00e1s sz\u00e1raz kavicsos fel\u00fcleteken. (kem\u00e9ny \u00e9s durva)","og_url":"https:\/\/versenyabroncs.hu\/hu\/product\/ventus-r202\/","og_site_name":"Hankook","article_modified_time":"2022-10-17T09:19:04+00:00","og_image":[{"width":440,"height":500,"url":"https:\/\/versenyabroncs.hu\/uploads\/\/2021\/10\/hankook-tires-ventus-r202-left-01.png","type":"image\/png"}],"twitter_card":"summary_large_image","twitter_misc":{"Est. reading time":"1 perc"},"schema":{"@context":"https:\/\/schema.org","@graph":[{"@type":"WebPage","@id":"https:\/\/versenyabroncs.hu\/hu\/product\/ventus-r202\/","url":"https:\/\/versenyabroncs.hu\/hu\/product\/ventus-r202\/","name":"Ventus R202 - Hankook","isPartOf":{"@id":"https:\/\/versenyabroncs.hu\/#website"},"primaryImageOfPage":{"@id":"https:\/\/versenyabroncs.hu\/hu\/product\/ventus-r202\/#primaryimage"},"image":{"@id":"https:\/\/versenyabroncs.hu\/hu\/product\/ventus-r202\/#primaryimage"},"thumbnailUrl":"https:\/\/versenyabroncs.hu\/uploads\/\/2021\/10\/hankook-tires-ventus-r202-left-01.png","datePublished":"2021-10-01T13:35:13+00:00","dateModified":"2022-10-17T09:19:04+00:00","breadcrumb":{"@id":"https:\/\/versenyabroncs.hu\/hu\/product\/ventus-r202\/#breadcrumb"},"inLanguage":"hu","potentialAction":[{"@type":"ReadAction","target":["https:\/\/versenyabroncs.hu\/hu\/product\/ventus-r202\/"]}]},{"@type":"ImageObject","inLanguage":"hu","@id":"https:\/\/versenyabroncs.hu\/hu\/product\/ventus-r202\/#primaryimage","url":"https:\/\/versenyabroncs.hu\/uploads\/\/2021\/10\/hankook-tires-ventus-r202-left-01.png","contentUrl":"https:\/\/versenyabroncs.hu\/uploads\/\/2021\/10\/hankook-tires-ventus-r202-left-01.png","width":440,"height":500},{"@type":"BreadcrumbList","@id":"https:\/\/versenyabroncs.hu\/hu\/product\/ventus-r202\/#breadcrumb","itemListElement":[{"@type":"ListItem","position":1,"name":"Home","item":"https:\/\/versenyabroncs.hu\/hu\/"},{"@type":"ListItem","position":2,"name":"Shop","item":"https:\/\/versenyabroncs.hu\/shop\/"},{"@type":"ListItem","position":3,"name":"Ventus R202"}]},{"@type":"WebSite","@id":"https:\/\/versenyabroncs.hu\/#website","url":"https:\/\/versenyabroncs.hu\/","name":"Hankook","description":"driving emotion","potentialAction":[{"@type":"SearchAction","target":{"@type":"EntryPoint","urlTemplate":"https:\/\/versenyabroncs.hu\/?s={search_term_string}"},"query-input":{"@type":"PropertyValueSpecification","valueRequired":true,"valueName":"search_term_string"}}],"inLanguage":"hu"}]}},"_links":{"self":[{"href":"https:\/\/versenyabroncs.hu\/hu\/wp-json\/wp\/v2\/product\/2308","targetHints":{"allow":["GET"]}}],"collection":[{"href":"https:\/\/versenyabroncs.hu\/hu\/wp-json\/wp\/v2\/product"}],"about":[{"href":"https:\/\/versenyabroncs.hu\/hu\/wp-json\/wp\/v2\/types\/product"}],"wp:featuredmedia":[{"embeddable":true,"href":"https:\/\/versenyabroncs.hu\/hu\/wp-json\/wp\/v2\/media\/527"}],"wp:attachment":[{"href":"https:\/\/versenyabroncs.hu\/hu\/wp-json\/wp\/v2\/media?parent=2308"}],"wp:term":[{"taxonomy":"product_cat","embeddable":true,"href":"https:\/\/versenyabroncs.hu\/hu\/wp-json\/wp\/v2\/product_cat?post=2308"},{"taxonomy":"product_tag","embeddable":true,"href":"https:\/\/versenyabroncs.hu\/hu\/wp-json\/wp\/v2\/product_tag?post=2308"}],"curies":[{"name":"wp","href":"https:\/\/api.w.org\/{rel}","templated":true}]}}