{"id":2245,"date":"2021-10-13T08:42:37","date_gmt":"2021-10-13T08:42:37","guid":{"rendered":"https:\/\/versenyabroncs.hu\/product\/ventus-z207\/"},"modified":"2025-11-24T11:58:24","modified_gmt":"2025-11-24T11:58:24","slug":"ventus-z207","status":"publish","type":"product","link":"https:\/\/versenyabroncs.hu\/hu\/product\/ventus-z207\/","title":{"rendered":"Ventus Z207"},"content":{"rendered":"<p>Es\u0151 abroncsk\u00e9nt a Z207 megakad\u00e1lyozza a v\u00edzen fel\u00fasz\u00e1st, mik\u00f6zben meg\u0151rzi a kiv\u00e1l\u00f3 ir\u00e1ny\u00edthat\u00f3s\u00e1got, stabilit\u00e1st \u00e9s kiv\u00e1l\u00f3 v\u00edzelvezet\u00e9st.<\/p>\n","protected":false},"excerpt":{"rendered":"<h4>Rendk\u00edv\u00fcl megb\u00edzhat\u00f3 circuit abroancs kiz\u00e1r\u00f3lag nedves fel\u00fcleten val\u00f3 haszn\u00e1latra<\/h4>\n","protected":false},"featured_media":831,"template":"","meta":[],"product_cat":[1529],"product_tag":[],"class_list":["post-2245","product","type-product","status-publish","has-post-thumbnail","hentry","product_cat-wet-tires-hu","product_shipping_class-palya-abroncsok"],"yoast_head":"<!-- This site is optimized with the Yoast SEO plugin v26.4 - https:\/\/yoast.com\/wordpress\/plugins\/seo\/ -->\n<title>Ventus Z207 - Hankook<\/title>\n<meta name=\"robots\" content=\"index, follow, max-snippet:-1, max-image-preview:large, max-video-preview:-1\" \/>\n<link rel=\"canonical\" href=\"https:\/\/versenyabroncs.hu\/hu\/product\/ventus-z207\/\" \/>\n<meta property=\"og:locale\" content=\"hu_HU\" \/>\n<meta property=\"og:type\" content=\"article\" \/>\n<meta property=\"og:title\" content=\"Ventus Z207 - Hankook\" \/>\n<meta property=\"og:description\" content=\"Rendk\u00edv\u00fcl megb\u00edzhat\u00f3 circuit abroancs kiz\u00e1r\u00f3lag nedves fel\u00fcleten val\u00f3 haszn\u00e1latra\" \/>\n<meta property=\"og:url\" content=\"https:\/\/versenyabroncs.hu\/hu\/product\/ventus-z207\/\" \/>\n<meta property=\"og:site_name\" content=\"Hankook\" \/>\n<meta property=\"article:modified_time\" content=\"2025-11-24T11:58:24+00:00\" \/>\n<meta property=\"og:image\" content=\"https:\/\/versenyabroncs.hu\/uploads\/\/2021\/10\/hankook-tires-ventus-z207-left-01.png\" \/>\n\t<meta property=\"og:image:width\" content=\"440\" \/>\n\t<meta property=\"og:image:height\" content=\"500\" \/>\n\t<meta property=\"og:image:type\" content=\"image\/png\" \/>\n<meta name=\"twitter:card\" content=\"summary_large_image\" \/>\n<meta name=\"twitter:label1\" content=\"Est. reading time\" \/>\n\t<meta name=\"twitter:data1\" content=\"1 perc\" \/>\n<script type=\"application\/ld+json\" class=\"yoast-schema-graph\">{\"@context\":\"https:\/\/schema.org\",\"@graph\":[{\"@type\":\"WebPage\",\"@id\":\"https:\/\/versenyabroncs.hu\/hu\/product\/ventus-z207\/\",\"url\":\"https:\/\/versenyabroncs.hu\/hu\/product\/ventus-z207\/\",\"name\":\"Ventus Z207 - Hankook\",\"isPartOf\":{\"@id\":\"https:\/\/versenyabroncs.hu\/#website\"},\"primaryImageOfPage\":{\"@id\":\"https:\/\/versenyabroncs.hu\/hu\/product\/ventus-z207\/#primaryimage\"},\"image\":{\"@id\":\"https:\/\/versenyabroncs.hu\/hu\/product\/ventus-z207\/#primaryimage\"},\"thumbnailUrl\":\"https:\/\/versenyabroncs.hu\/uploads\/\/2021\/10\/hankook-tires-ventus-z207-left-01.png\",\"datePublished\":\"2021-10-13T08:42:37+00:00\",\"dateModified\":\"2025-11-24T11:58:24+00:00\",\"breadcrumb\":{\"@id\":\"https:\/\/versenyabroncs.hu\/hu\/product\/ventus-z207\/#breadcrumb\"},\"inLanguage\":\"hu\",\"potentialAction\":[{\"@type\":\"ReadAction\",\"target\":[\"https:\/\/versenyabroncs.hu\/hu\/product\/ventus-z207\/\"]}]},{\"@type\":\"ImageObject\",\"inLanguage\":\"hu\",\"@id\":\"https:\/\/versenyabroncs.hu\/hu\/product\/ventus-z207\/#primaryimage\",\"url\":\"https:\/\/versenyabroncs.hu\/uploads\/\/2021\/10\/hankook-tires-ventus-z207-left-01.png\",\"contentUrl\":\"https:\/\/versenyabroncs.hu\/uploads\/\/2021\/10\/hankook-tires-ventus-z207-left-01.png\",\"width\":440,\"height\":500},{\"@type\":\"BreadcrumbList\",\"@id\":\"https:\/\/versenyabroncs.hu\/hu\/product\/ventus-z207\/#breadcrumb\",\"itemListElement\":[{\"@type\":\"ListItem\",\"position\":1,\"name\":\"Home\",\"item\":\"https:\/\/versenyabroncs.hu\/hu\/\"},{\"@type\":\"ListItem\",\"position\":2,\"name\":\"Shop\",\"item\":\"https:\/\/versenyabroncs.hu\/shop\/\"},{\"@type\":\"ListItem\",\"position\":3,\"name\":\"Ventus Z207\"}]},{\"@type\":\"WebSite\",\"@id\":\"https:\/\/versenyabroncs.hu\/#website\",\"url\":\"https:\/\/versenyabroncs.hu\/\",\"name\":\"Hankook\",\"description\":\"driving emotion\",\"potentialAction\":[{\"@type\":\"SearchAction\",\"target\":{\"@type\":\"EntryPoint\",\"urlTemplate\":\"https:\/\/versenyabroncs.hu\/?s={search_term_string}\"},\"query-input\":{\"@type\":\"PropertyValueSpecification\",\"valueRequired\":true,\"valueName\":\"search_term_string\"}}],\"inLanguage\":\"hu\"}]}<\/script>\n<!-- \/ Yoast SEO plugin. -->","yoast_head_json":{"title":"Ventus Z207 - Hankook","robots":{"index":"index","follow":"follow","max-snippet":"max-snippet:-1","max-image-preview":"max-image-preview:large","max-video-preview":"max-video-preview:-1"},"canonical":"https:\/\/versenyabroncs.hu\/hu\/product\/ventus-z207\/","og_locale":"hu_HU","og_type":"article","og_title":"Ventus Z207 - Hankook","og_description":"Rendk\u00edv\u00fcl megb\u00edzhat\u00f3 circuit abroancs kiz\u00e1r\u00f3lag nedves fel\u00fcleten val\u00f3 haszn\u00e1latra","og_url":"https:\/\/versenyabroncs.hu\/hu\/product\/ventus-z207\/","og_site_name":"Hankook","article_modified_time":"2025-11-24T11:58:24+00:00","og_image":[{"width":440,"height":500,"url":"https:\/\/versenyabroncs.hu\/uploads\/\/2021\/10\/hankook-tires-ventus-z207-left-01.png","type":"image\/png"}],"twitter_card":"summary_large_image","twitter_misc":{"Est. reading time":"1 perc"},"schema":{"@context":"https:\/\/schema.org","@graph":[{"@type":"WebPage","@id":"https:\/\/versenyabroncs.hu\/hu\/product\/ventus-z207\/","url":"https:\/\/versenyabroncs.hu\/hu\/product\/ventus-z207\/","name":"Ventus Z207 - Hankook","isPartOf":{"@id":"https:\/\/versenyabroncs.hu\/#website"},"primaryImageOfPage":{"@id":"https:\/\/versenyabroncs.hu\/hu\/product\/ventus-z207\/#primaryimage"},"image":{"@id":"https:\/\/versenyabroncs.hu\/hu\/product\/ventus-z207\/#primaryimage"},"thumbnailUrl":"https:\/\/versenyabroncs.hu\/uploads\/\/2021\/10\/hankook-tires-ventus-z207-left-01.png","datePublished":"2021-10-13T08:42:37+00:00","dateModified":"2025-11-24T11:58:24+00:00","breadcrumb":{"@id":"https:\/\/versenyabroncs.hu\/hu\/product\/ventus-z207\/#breadcrumb"},"inLanguage":"hu","potentialAction":[{"@type":"ReadAction","target":["https:\/\/versenyabroncs.hu\/hu\/product\/ventus-z207\/"]}]},{"@type":"ImageObject","inLanguage":"hu","@id":"https:\/\/versenyabroncs.hu\/hu\/product\/ventus-z207\/#primaryimage","url":"https:\/\/versenyabroncs.hu\/uploads\/\/2021\/10\/hankook-tires-ventus-z207-left-01.png","contentUrl":"https:\/\/versenyabroncs.hu\/uploads\/\/2021\/10\/hankook-tires-ventus-z207-left-01.png","width":440,"height":500},{"@type":"BreadcrumbList","@id":"https:\/\/versenyabroncs.hu\/hu\/product\/ventus-z207\/#breadcrumb","itemListElement":[{"@type":"ListItem","position":1,"name":"Home","item":"https:\/\/versenyabroncs.hu\/hu\/"},{"@type":"ListItem","position":2,"name":"Shop","item":"https:\/\/versenyabroncs.hu\/shop\/"},{"@type":"ListItem","position":3,"name":"Ventus Z207"}]},{"@type":"WebSite","@id":"https:\/\/versenyabroncs.hu\/#website","url":"https:\/\/versenyabroncs.hu\/","name":"Hankook","description":"driving emotion","potentialAction":[{"@type":"SearchAction","target":{"@type":"EntryPoint","urlTemplate":"https:\/\/versenyabroncs.hu\/?s={search_term_string}"},"query-input":{"@type":"PropertyValueSpecification","valueRequired":true,"valueName":"search_term_string"}}],"inLanguage":"hu"}]}},"_links":{"self":[{"href":"https:\/\/versenyabroncs.hu\/hu\/wp-json\/wp\/v2\/product\/2245","targetHints":{"allow":["GET"]}}],"collection":[{"href":"https:\/\/versenyabroncs.hu\/hu\/wp-json\/wp\/v2\/product"}],"about":[{"href":"https:\/\/versenyabroncs.hu\/hu\/wp-json\/wp\/v2\/types\/product"}],"wp:featuredmedia":[{"embeddable":true,"href":"https:\/\/versenyabroncs.hu\/hu\/wp-json\/wp\/v2\/media\/831"}],"wp:attachment":[{"href":"https:\/\/versenyabroncs.hu\/hu\/wp-json\/wp\/v2\/media?parent=2245"}],"wp:term":[{"taxonomy":"product_cat","embeddable":true,"href":"https:\/\/versenyabroncs.hu\/hu\/wp-json\/wp\/v2\/product_cat?post=2245"},{"taxonomy":"product_tag","embeddable":true,"href":"https:\/\/versenyabroncs.hu\/hu\/wp-json\/wp\/v2\/product_tag?post=2245"}],"curies":[{"name":"wp","href":"https:\/\/api.w.org\/{rel}","templated":true}]}}