{"id":2193,"date":"2022-09-20T11:11:07","date_gmt":"2022-09-20T11:11:07","guid":{"rendered":"https:\/\/versenyabroncs.hu\/product\/dynapro-r213\/"},"modified":"2025-11-24T11:58:25","modified_gmt":"2025-11-24T11:58:25","slug":"dynapro-r213","status":"publish","type":"product","link":"https:\/\/versenyabroncs.hu\/hu\/product\/dynapro-r213\/","title":{"rendered":"Dynapro R213"},"content":{"rendered":"<p>Aszimmetrikus abroncs, amely kiegyens\u00falyozott sz\u00e1raz terepen, \u00e9s extr\u00e9m teljes\u00edtm\u00e9ny\u00e9vel lehengerel. A f\u00f6ld\u00faton val\u00f3 vezet\u00e9sre sz\u00fcletett aszimmetrikus abroncs dedik\u00e1lt bal \u00e9s jobb oldali mint\u00e1zattal, kiv\u00e1l\u00f3 egyens\u00falyt teremt a j\u00e1rm\u0171 tengelyein.<\/p>\n","protected":false},"excerpt":{"rendered":"<p><strong>Aszimmetrikus gumiabroncs, amely extr\u00e9m teljes\u00edtm\u00e9nnyel b\u00fcszk\u00e9lkedhet.<\/strong><\/p>\n","protected":false},"featured_media":2161,"template":"","meta":[],"product_cat":[1412],"product_tag":[],"class_list":["post-2193","product","type-product","status-publish","has-post-thumbnail","hentry","product_cat-rally-gravel-hu","product_shipping_class-rally-abroncsok"],"yoast_head":"<!-- This site is optimized with the Yoast SEO plugin v26.4 - https:\/\/yoast.com\/wordpress\/plugins\/seo\/ -->\n<title>Dynapro R213 - Hankook<\/title>\n<meta name=\"robots\" content=\"index, follow, max-snippet:-1, max-image-preview:large, max-video-preview:-1\" \/>\n<link rel=\"canonical\" href=\"https:\/\/versenyabroncs.hu\/hu\/product\/dynapro-r213\/\" \/>\n<meta property=\"og:locale\" content=\"hu_HU\" \/>\n<meta property=\"og:type\" content=\"article\" \/>\n<meta property=\"og:title\" content=\"Dynapro R213 - Hankook\" \/>\n<meta property=\"og:description\" content=\"Aszimmetrikus gumiabroncs, amely extr\u00e9m teljes\u00edtm\u00e9nnyel b\u00fcszk\u00e9lkedhet.\" \/>\n<meta property=\"og:url\" content=\"https:\/\/versenyabroncs.hu\/hu\/product\/dynapro-r213\/\" \/>\n<meta property=\"og:site_name\" content=\"Hankook\" \/>\n<meta property=\"article:modified_time\" content=\"2025-11-24T11:58:25+00:00\" \/>\n<meta property=\"og:image\" content=\"https:\/\/versenyabroncs.hu\/uploads\/\/2022\/09\/hankook-tires-ventus-r213-left-01.png\" \/>\n\t<meta property=\"og:image:width\" content=\"440\" \/>\n\t<meta property=\"og:image:height\" content=\"500\" \/>\n\t<meta property=\"og:image:type\" content=\"image\/png\" \/>\n<meta name=\"twitter:card\" content=\"summary_large_image\" \/>\n<meta name=\"twitter:label1\" content=\"Est. reading time\" \/>\n\t<meta name=\"twitter:data1\" content=\"1 perc\" \/>\n<script type=\"application\/ld+json\" class=\"yoast-schema-graph\">{\"@context\":\"https:\/\/schema.org\",\"@graph\":[{\"@type\":\"WebPage\",\"@id\":\"https:\/\/versenyabroncs.hu\/hu\/product\/dynapro-r213\/\",\"url\":\"https:\/\/versenyabroncs.hu\/hu\/product\/dynapro-r213\/\",\"name\":\"Dynapro R213 - Hankook\",\"isPartOf\":{\"@id\":\"https:\/\/versenyabroncs.hu\/#website\"},\"primaryImageOfPage\":{\"@id\":\"https:\/\/versenyabroncs.hu\/hu\/product\/dynapro-r213\/#primaryimage\"},\"image\":{\"@id\":\"https:\/\/versenyabroncs.hu\/hu\/product\/dynapro-r213\/#primaryimage\"},\"thumbnailUrl\":\"https:\/\/versenyabroncs.hu\/uploads\/\/2022\/09\/hankook-tires-ventus-r213-left-01.png\",\"datePublished\":\"2022-09-20T11:11:07+00:00\",\"dateModified\":\"2025-11-24T11:58:25+00:00\",\"breadcrumb\":{\"@id\":\"https:\/\/versenyabroncs.hu\/hu\/product\/dynapro-r213\/#breadcrumb\"},\"inLanguage\":\"hu\",\"potentialAction\":[{\"@type\":\"ReadAction\",\"target\":[\"https:\/\/versenyabroncs.hu\/hu\/product\/dynapro-r213\/\"]}]},{\"@type\":\"ImageObject\",\"inLanguage\":\"hu\",\"@id\":\"https:\/\/versenyabroncs.hu\/hu\/product\/dynapro-r213\/#primaryimage\",\"url\":\"https:\/\/versenyabroncs.hu\/uploads\/\/2022\/09\/hankook-tires-ventus-r213-left-01.png\",\"contentUrl\":\"https:\/\/versenyabroncs.hu\/uploads\/\/2022\/09\/hankook-tires-ventus-r213-left-01.png\",\"width\":440,\"height\":500},{\"@type\":\"BreadcrumbList\",\"@id\":\"https:\/\/versenyabroncs.hu\/hu\/product\/dynapro-r213\/#breadcrumb\",\"itemListElement\":[{\"@type\":\"ListItem\",\"position\":1,\"name\":\"Home\",\"item\":\"https:\/\/versenyabroncs.hu\/hu\/\"},{\"@type\":\"ListItem\",\"position\":2,\"name\":\"Shop\",\"item\":\"https:\/\/versenyabroncs.hu\/shop\/\"},{\"@type\":\"ListItem\",\"position\":3,\"name\":\"Dynapro R213\"}]},{\"@type\":\"WebSite\",\"@id\":\"https:\/\/versenyabroncs.hu\/#website\",\"url\":\"https:\/\/versenyabroncs.hu\/\",\"name\":\"Hankook\",\"description\":\"driving emotion\",\"potentialAction\":[{\"@type\":\"SearchAction\",\"target\":{\"@type\":\"EntryPoint\",\"urlTemplate\":\"https:\/\/versenyabroncs.hu\/?s={search_term_string}\"},\"query-input\":{\"@type\":\"PropertyValueSpecification\",\"valueRequired\":true,\"valueName\":\"search_term_string\"}}],\"inLanguage\":\"hu\"}]}<\/script>\n<!-- \/ Yoast SEO plugin. -->","yoast_head_json":{"title":"Dynapro R213 - Hankook","robots":{"index":"index","follow":"follow","max-snippet":"max-snippet:-1","max-image-preview":"max-image-preview:large","max-video-preview":"max-video-preview:-1"},"canonical":"https:\/\/versenyabroncs.hu\/hu\/product\/dynapro-r213\/","og_locale":"hu_HU","og_type":"article","og_title":"Dynapro R213 - Hankook","og_description":"Aszimmetrikus gumiabroncs, amely extr\u00e9m teljes\u00edtm\u00e9nnyel b\u00fcszk\u00e9lkedhet.","og_url":"https:\/\/versenyabroncs.hu\/hu\/product\/dynapro-r213\/","og_site_name":"Hankook","article_modified_time":"2025-11-24T11:58:25+00:00","og_image":[{"width":440,"height":500,"url":"https:\/\/versenyabroncs.hu\/uploads\/\/2022\/09\/hankook-tires-ventus-r213-left-01.png","type":"image\/png"}],"twitter_card":"summary_large_image","twitter_misc":{"Est. reading time":"1 perc"},"schema":{"@context":"https:\/\/schema.org","@graph":[{"@type":"WebPage","@id":"https:\/\/versenyabroncs.hu\/hu\/product\/dynapro-r213\/","url":"https:\/\/versenyabroncs.hu\/hu\/product\/dynapro-r213\/","name":"Dynapro R213 - Hankook","isPartOf":{"@id":"https:\/\/versenyabroncs.hu\/#website"},"primaryImageOfPage":{"@id":"https:\/\/versenyabroncs.hu\/hu\/product\/dynapro-r213\/#primaryimage"},"image":{"@id":"https:\/\/versenyabroncs.hu\/hu\/product\/dynapro-r213\/#primaryimage"},"thumbnailUrl":"https:\/\/versenyabroncs.hu\/uploads\/\/2022\/09\/hankook-tires-ventus-r213-left-01.png","datePublished":"2022-09-20T11:11:07+00:00","dateModified":"2025-11-24T11:58:25+00:00","breadcrumb":{"@id":"https:\/\/versenyabroncs.hu\/hu\/product\/dynapro-r213\/#breadcrumb"},"inLanguage":"hu","potentialAction":[{"@type":"ReadAction","target":["https:\/\/versenyabroncs.hu\/hu\/product\/dynapro-r213\/"]}]},{"@type":"ImageObject","inLanguage":"hu","@id":"https:\/\/versenyabroncs.hu\/hu\/product\/dynapro-r213\/#primaryimage","url":"https:\/\/versenyabroncs.hu\/uploads\/\/2022\/09\/hankook-tires-ventus-r213-left-01.png","contentUrl":"https:\/\/versenyabroncs.hu\/uploads\/\/2022\/09\/hankook-tires-ventus-r213-left-01.png","width":440,"height":500},{"@type":"BreadcrumbList","@id":"https:\/\/versenyabroncs.hu\/hu\/product\/dynapro-r213\/#breadcrumb","itemListElement":[{"@type":"ListItem","position":1,"name":"Home","item":"https:\/\/versenyabroncs.hu\/hu\/"},{"@type":"ListItem","position":2,"name":"Shop","item":"https:\/\/versenyabroncs.hu\/shop\/"},{"@type":"ListItem","position":3,"name":"Dynapro R213"}]},{"@type":"WebSite","@id":"https:\/\/versenyabroncs.hu\/#website","url":"https:\/\/versenyabroncs.hu\/","name":"Hankook","description":"driving emotion","potentialAction":[{"@type":"SearchAction","target":{"@type":"EntryPoint","urlTemplate":"https:\/\/versenyabroncs.hu\/?s={search_term_string}"},"query-input":{"@type":"PropertyValueSpecification","valueRequired":true,"valueName":"search_term_string"}}],"inLanguage":"hu"}]}},"_links":{"self":[{"href":"https:\/\/versenyabroncs.hu\/hu\/wp-json\/wp\/v2\/product\/2193","targetHints":{"allow":["GET"]}}],"collection":[{"href":"https:\/\/versenyabroncs.hu\/hu\/wp-json\/wp\/v2\/product"}],"about":[{"href":"https:\/\/versenyabroncs.hu\/hu\/wp-json\/wp\/v2\/types\/product"}],"wp:featuredmedia":[{"embeddable":true,"href":"https:\/\/versenyabroncs.hu\/hu\/wp-json\/wp\/v2\/media\/2161"}],"wp:attachment":[{"href":"https:\/\/versenyabroncs.hu\/hu\/wp-json\/wp\/v2\/media?parent=2193"}],"wp:term":[{"taxonomy":"product_cat","embeddable":true,"href":"https:\/\/versenyabroncs.hu\/hu\/wp-json\/wp\/v2\/product_cat?post=2193"},{"taxonomy":"product_tag","embeddable":true,"href":"https:\/\/versenyabroncs.hu\/hu\/wp-json\/wp\/v2\/product_tag?post=2193"}],"curies":[{"name":"wp","href":"https:\/\/api.w.org\/{rel}","templated":true}]}}